{"id":2076,"date":"2024-01-09T14:22:15","date_gmt":"2024-01-09T13:22:15","guid":{"rendered":"https:\/\/lacasadelelefante.com\/cookies-policy\/"},"modified":"2024-02-13T16:33:08","modified_gmt":"2024-02-13T15:33:08","slug":"cookies-policy","status":"publish","type":"page","link":"https:\/\/lacasadelelefante.com\/en\/cookies-policy\/","title":{"rendered":"Cookies policy"},"content":{"rendered":"\t\t<div data-elementor-type=\"wp-post\" data-elementor-id=\"2076\" class=\"elementor elementor-2076 elementor-1568\" data-elementor-post-type=\"page\">\n\t\t\t\t\t\t<section class=\"elementor-section elementor-top-section elementor-element elementor-element-261c7ec elementor-section-boxed elementor-section-height-default elementor-section-height-default\" data-id=\"261c7ec\" data-element_type=\"section\" data-e-type=\"section\" data-settings=\"{&quot;background_background&quot;:&quot;classic&quot;}\">\n\t\t\t\t\t\t\t<div class=\"elementor-background-overlay\"><\/div>\n\t\t\t\t\t\t\t<div class=\"elementor-container elementor-column-gap-default\">\n\t\t\t\t\t<div class=\"elementor-column elementor-col-100 elementor-top-column elementor-element elementor-element-2ecfc0c\" data-id=\"2ecfc0c\" data-element_type=\"column\" data-e-type=\"column\">\n\t\t\t<div class=\"elementor-widget-wrap elementor-element-populated\">\n\t\t\t\t\t\t<section class=\"elementor-section elementor-inner-section elementor-element elementor-element-bd8e1f6 elementor-section-boxed elementor-section-height-default elementor-section-height-default\" data-id=\"bd8e1f6\" data-element_type=\"section\" data-e-type=\"section\">\n\t\t\t\t\t\t<div class=\"elementor-container elementor-column-gap-default\">\n\t\t\t\t\t<div class=\"elementor-column elementor-col-100 elementor-inner-column elementor-element elementor-element-7081b7c\" data-id=\"7081b7c\" data-element_type=\"column\" data-e-type=\"column\">\n\t\t\t<div class=\"elementor-widget-wrap elementor-element-populated\">\n\t\t\t\t\t\t<div class=\"elementor-element elementor-element-e03a8aa elementor-widget__width-inherit elementor-invisible elementor-widget elementor-widget-heading\" data-id=\"e03a8aa\" data-element_type=\"widget\" data-e-type=\"widget\" data-settings=\"{&quot;_animation&quot;:&quot;fadeInDown&quot;}\" data-widget_type=\"heading.default\">\n\t\t\t\t<div class=\"elementor-widget-container\">\n\t\t\t\t\t<h1 class=\"elementor-heading-title elementor-size-default\">Cookies policy<\/h1>\t\t\t\t<\/div>\n\t\t\t\t<\/div>\n\t\t\t\t<div class=\"elementor-element elementor-element-b6d6a98 elementor-invisible elementor-widget elementor-widget-image\" data-id=\"b6d6a98\" data-element_type=\"widget\" data-e-type=\"widget\" data-settings=\"{&quot;_animation&quot;:&quot;fadeInDown&quot;}\" data-widget_type=\"image.default\">\n\t\t\t\t<div class=\"elementor-widget-container\">\n\t\t\t\t\t\t\t\t\t\t\t\t\t\t\t<img decoding=\"async\" width=\"410\" height=\"32\" src=\"https:\/\/lacasadelelefante.com\/wp-content\/uploads\/2023\/11\/2-Image-UDSRXYQ.png\" class=\"attachment-large size-large wp-image-2003\" alt=\"\" srcset=\"https:\/\/lacasadelelefante.com\/wp-content\/uploads\/2023\/11\/2-Image-UDSRXYQ.png 410w, https:\/\/lacasadelelefante.com\/wp-content\/uploads\/2023\/11\/2-Image-UDSRXYQ-300x23.png 300w\" sizes=\"(max-width: 410px) 100vw, 410px\" \/>\t\t\t\t\t\t\t\t\t\t\t\t\t\t\t<\/div>\n\t\t\t\t<\/div>\n\t\t\t\t\t<\/div>\n\t\t<\/div>\n\t\t\t\t\t<\/div>\n\t\t<\/section>\n\t\t\t\t\t<\/div>\n\t\t<\/div>\n\t\t\t\t\t<\/div>\n\t\t<\/section>\n\t\t\t\t<section class=\"elementor-section elementor-top-section elementor-element elementor-element-bbd0fa2 elementor-section-boxed elementor-section-height-default elementor-section-height-default\" data-id=\"bbd0fa2\" data-element_type=\"section\" data-e-type=\"section\" id=\"sobre-nosotros\" data-settings=\"{&quot;background_background&quot;:&quot;classic&quot;}\">\n\t\t\t\t\t\t<div class=\"elementor-container elementor-column-gap-default\">\n\t\t\t\t\t<div class=\"elementor-column elementor-col-100 elementor-top-column elementor-element elementor-element-95dc475\" data-id=\"95dc475\" data-element_type=\"column\" data-e-type=\"column\">\n\t\t\t<div class=\"elementor-widget-wrap elementor-element-populated\">\n\t\t\t\t\t\t<div class=\"elementor-element elementor-element-347c482 elementor-invisible elementor-widget elementor-widget-text-editor\" data-id=\"347c482\" data-element_type=\"widget\" data-e-type=\"widget\" data-settings=\"{&quot;_animation&quot;:&quot;fadeInDown&quot;}\" data-widget_type=\"text-editor.default\">\n\t\t\t\t<div class=\"elementor-widget-container\">\n\t\t\t\t\t\t\t\t\t<h2>COOKIE POLICY<\/h2>\n<p>Accessing this website may involve the use of cookies. Cookies are small amounts of information stored in the browser used by each User \u2014on the various devices they may use to navigate\u2014 so that the server remembers certain information that only the server that implemented it will subsequently read. Cookies make navigation easier, friendlier, and do not damage the browsing device.<\/p>\n<p>Cookies are automatic procedures for collecting information regarding the preferences determined by the User during their visit to the Website in order to recognize them as a User, personalize their experience and use of the Website, and may also, for example, help identify and resolve errors.<\/p>\n<p>The information collected through cookies may include the date and time of visits to the Website, the pages viewed, the time spent on the Website, and the sites visited just before and after it. However, no cookie allows contact with the User&#8217;s phone number or any other personal contact method. No cookie can extract information from the User&#8217;s hard drive or steal personal information. The only way for the User&#8217;s private information to become part of the Cookie file is for the user to personally provide that information to the server.<\/p>\n<p>Cookies that allow the identification of a person are considered personal data. Therefore, the Privacy Policy described above will apply to them. In this sense, User consent will be necessary for their use. This consent will be communicated, based on an authentic choice, offered through an affirmative and positive decision, before initial processing, removable, and documented.<\/p>\n<h4>First-party Cookies<\/h4>\n<p>These are cookies that are sent to the User&#8217;s computer or device and managed exclusively by La Casa del Elefante for the better functioning of the Website. The information collected is used to improve the quality of the Website and its Content and the User&#8217;s experience. These cookies allow the User to be recognized as a recurring visitor to the Website and to adapt the content to offer content that suits their preferences.<\/p>\n<h4>Third-party Cookies<\/h4>\n<p>These are cookies used and managed by external entities that provide services requested by La Casa del Elefante to improve the Website and the user experience when browsing the Website. The main objectives for which third-party cookies are used are to obtain access statistics and analyze browsing information, i.e., how the User interacts with the Website.<br \/>\nThe information obtained refers, for example, to the number of pages visited, language, the location to which the IP address from which the User accesses is assigned, the number of Users who access, the frequency and recurrence of visits, the time of visit, the browser they use, the operator or type of device from which the visit is made. This information is used to improve the Website and detect new needs to offer Users optimal quality Content and\/or service. In any case, the information is collected anonymously, and trend reports of the Website are prepared without identifying individual users.<\/p>\n<p>You can obtain more information about cookies, information on privacy, or consult the description of the type of cookies used, their main characteristics, expiration period, etc. at the following link(s):<\/p>\n<p><a href=\"https:\/\/developers.google.com\/analytics\/devguides\/collection\/analyticsjs\/cookie-usage?hl=en\">Google Analytics<\/a><\/p>\n<p>The entity(s) responsible for supplying cookies may transfer this information to third parties, provided that the law requires it or it is a third party that processes this information for such entities.<\/p>\n<h4>Social Media Cookies<\/h4>\n<p>La Casa del Elefante incorporates social media plugins, which allow access to them from the Website. For this reason, social media cookies may be stored in the User&#8217;s browser. The owners of these social networks have their own data protection and cookie policies and are themselves responsible for their own files and privacy practices in each case. Users should refer to them to learn about these cookies and, where applicable, the processing of their personal data.<\/p>\n<h4>Disabling, Rejecting, and Deleting Cookies<\/h4>\n<p>Users can disable, reject, and delete cookies \u2014in whole or in part\u2014 installed on their device by configuring their browser settings (including, for example, Chrome, Firefox, Safari, Explorer). In this regard, the procedures for rejecting and deleting cookies may differ from one Internet browser to another. Consequently, the User should consult the instructions provided by the Internet browser they are using. If they reject the use of cookies \u2014in whole or in part\u2014 they may still use the Website, although they may have limited use of some of its features.<\/p>\n<h4>Changes to the Cookie Policy<\/h4>\n<p>It is possible that the Cookie Policy of the Website may change or be updated, so it is recommended that the User review this policy each time they access the Website in order to be properly informed about how and for what purposes we use cookies.<\/p>\n\t\t\t\t\t\t\t\t<\/div>\n\t\t\t\t<\/div>\n\t\t\t\t\t<\/div>\n\t\t<\/div>\n\t\t\t\t\t<\/div>\n\t\t<\/section>\n\t\t\t\t<\/div>\n\t\t","protected":false},"excerpt":{"rendered":"<p>COOKIE POLICY Accessing this website may involve the use of cookies. Cookies are small amounts of information stored in the browser used by each User \u2014on the various devices they may use to navigate\u2014 so that the server remembers certain information that only the server that implemented it will subsequently read. Cookies make navigation easier, [&hellip;]<\/p>\n","protected":false},"author":1,"featured_media":0,"parent":0,"menu_order":0,"comment_status":"closed","ping_status":"closed","template":"","meta":{"footnotes":""},"class_list":["post-2076","page","type-page","status-publish","hentry"],"yoast_head":"<!-- This site is optimized with the Yoast SEO plugin v27.4 - https:\/\/yoast.com\/product\/yoast-seo-wordpress\/ -->\n<title>Cookies policy - Masajes en Vejer de la Frontera | Centro de Bienestar La Casa del Elefante<\/title>\n<meta name=\"robots\" content=\"index, follow, max-snippet:-1, max-image-preview:large, max-video-preview:-1\" \/>\n<link rel=\"canonical\" href=\"https:\/\/lacasadelelefante.com\/en\/cookies-policy\/\" \/>\n<meta property=\"og:locale\" content=\"en_US\" \/>\n<meta property=\"og:type\" content=\"article\" \/>\n<meta property=\"og:title\" content=\"Cookies policy - Masajes en Vejer de la Frontera | Centro de Bienestar La Casa del Elefante\" \/>\n<meta property=\"og:description\" content=\"COOKIE POLICY Accessing this website may involve the use of cookies. Cookies are small amounts of information stored in the browser used by each User \u2014on the various devices they may use to navigate\u2014 so that the server remembers certain information that only the server that implemented it will subsequently read. Cookies make navigation easier, [&hellip;]\" \/>\n<meta property=\"og:url\" content=\"https:\/\/lacasadelelefante.com\/en\/cookies-policy\/\" \/>\n<meta property=\"og:site_name\" content=\"Masajes en Vejer de la Frontera | Centro de Bienestar La Casa del Elefante\" \/>\n<meta property=\"article:publisher\" content=\"https:\/\/www.facebook.com\/LaCasadelElefante\/\" \/>\n<meta property=\"article:modified_time\" content=\"2024-02-13T15:33:08+00:00\" \/>\n<meta property=\"og:image\" content=\"https:\/\/lacasadelelefante.com\/wp-content\/uploads\/2023\/11\/2-Image-UDSRXYQ.png\" \/>\n<meta name=\"twitter:card\" content=\"summary_large_image\" \/>\n<meta name=\"twitter:label1\" content=\"Est. reading time\" \/>\n\t<meta name=\"twitter:data1\" content=\"4 minutes\" \/>\n<script type=\"application\/ld+json\" class=\"yoast-schema-graph\">{\"@context\":\"https:\\\/\\\/schema.org\",\"@graph\":[{\"@type\":\"WebPage\",\"@id\":\"https:\\\/\\\/lacasadelelefante.com\\\/en\\\/cookies-policy\\\/\",\"url\":\"https:\\\/\\\/lacasadelelefante.com\\\/en\\\/cookies-policy\\\/\",\"name\":\"Cookies policy - Masajes en Vejer de la Frontera | Centro de Bienestar La Casa del Elefante\",\"isPartOf\":{\"@id\":\"https:\\\/\\\/lacasadelelefante.com\\\/en\\\/#website\"},\"primaryImageOfPage\":{\"@id\":\"https:\\\/\\\/lacasadelelefante.com\\\/en\\\/cookies-policy\\\/#primaryimage\"},\"image\":{\"@id\":\"https:\\\/\\\/lacasadelelefante.com\\\/en\\\/cookies-policy\\\/#primaryimage\"},\"thumbnailUrl\":\"https:\\\/\\\/lacasadelelefante.com\\\/wp-content\\\/uploads\\\/2023\\\/11\\\/2-Image-UDSRXYQ.png\",\"datePublished\":\"2024-01-09T13:22:15+00:00\",\"dateModified\":\"2024-02-13T15:33:08+00:00\",\"breadcrumb\":{\"@id\":\"https:\\\/\\\/lacasadelelefante.com\\\/en\\\/cookies-policy\\\/#breadcrumb\"},\"inLanguage\":\"en-US\",\"potentialAction\":[{\"@type\":\"ReadAction\",\"target\":[\"https:\\\/\\\/lacasadelelefante.com\\\/en\\\/cookies-policy\\\/\"]}]},{\"@type\":\"ImageObject\",\"inLanguage\":\"en-US\",\"@id\":\"https:\\\/\\\/lacasadelelefante.com\\\/en\\\/cookies-policy\\\/#primaryimage\",\"url\":\"https:\\\/\\\/lacasadelelefante.com\\\/wp-content\\\/uploads\\\/2023\\\/11\\\/2-Image-UDSRXYQ.png\",\"contentUrl\":\"https:\\\/\\\/lacasadelelefante.com\\\/wp-content\\\/uploads\\\/2023\\\/11\\\/2-Image-UDSRXYQ.png\"},{\"@type\":\"BreadcrumbList\",\"@id\":\"https:\\\/\\\/lacasadelelefante.com\\\/en\\\/cookies-policy\\\/#breadcrumb\",\"itemListElement\":[{\"@type\":\"ListItem\",\"position\":1,\"name\":\"Portada\",\"item\":\"https:\\\/\\\/lacasadelelefante.com\\\/en\\\/\"},{\"@type\":\"ListItem\",\"position\":2,\"name\":\"Cookies policy\"}]},{\"@type\":\"WebSite\",\"@id\":\"https:\\\/\\\/lacasadelelefante.com\\\/en\\\/#website\",\"url\":\"https:\\\/\\\/lacasadelelefante.com\\\/en\\\/\",\"name\":\"La Casa del Elefante\",\"description\":\"Centro de bienestar en Vejer de la Frontera, C\u00e1diz. Masajes, osteopat\u00eda y acupuntura en el casco antiguo. Reserva tu sesi\u00f3n ahora.\",\"publisher\":{\"@id\":\"https:\\\/\\\/lacasadelelefante.com\\\/en\\\/#organization\"},\"potentialAction\":[{\"@type\":\"SearchAction\",\"target\":{\"@type\":\"EntryPoint\",\"urlTemplate\":\"https:\\\/\\\/lacasadelelefante.com\\\/en\\\/?s={search_term_string}\"},\"query-input\":{\"@type\":\"PropertyValueSpecification\",\"valueRequired\":true,\"valueName\":\"search_term_string\"}}],\"inLanguage\":\"en-US\"},{\"@type\":\"Organization\",\"@id\":\"https:\\\/\\\/lacasadelelefante.com\\\/en\\\/#organization\",\"name\":\"La Casa del Elefante\",\"url\":\"https:\\\/\\\/lacasadelelefante.com\\\/en\\\/\",\"logo\":{\"@type\":\"ImageObject\",\"inLanguage\":\"en-US\",\"@id\":\"https:\\\/\\\/lacasadelelefante.com\\\/en\\\/#\\\/schema\\\/logo\\\/image\\\/\",\"url\":\"https:\\\/\\\/lacasadelelefante.com\\\/wp-content\\\/uploads\\\/2023\\\/11\\\/cropped-la-casa-del-elefante-vejer-logotipo.png\",\"contentUrl\":\"https:\\\/\\\/lacasadelelefante.com\\\/wp-content\\\/uploads\\\/2023\\\/11\\\/cropped-la-casa-del-elefante-vejer-logotipo.png\",\"width\":419,\"height\":331,\"caption\":\"La Casa del Elefante\"},\"image\":{\"@id\":\"https:\\\/\\\/lacasadelelefante.com\\\/en\\\/#\\\/schema\\\/logo\\\/image\\\/\"},\"sameAs\":[\"https:\\\/\\\/www.facebook.com\\\/LaCasadelElefante\\\/\",\"https:\\\/\\\/www.instagram.com\\\/lacasadelelefantevejer\\\/\"]}]}<\/script>\n<!-- \/ Yoast SEO plugin. -->","yoast_head_json":{"title":"Cookies policy - Masajes en Vejer de la Frontera | Centro de Bienestar La Casa del Elefante","robots":{"index":"index","follow":"follow","max-snippet":"max-snippet:-1","max-image-preview":"max-image-preview:large","max-video-preview":"max-video-preview:-1"},"canonical":"https:\/\/lacasadelelefante.com\/en\/cookies-policy\/","og_locale":"en_US","og_type":"article","og_title":"Cookies policy - Masajes en Vejer de la Frontera | Centro de Bienestar La Casa del Elefante","og_description":"COOKIE POLICY Accessing this website may involve the use of cookies. Cookies are small amounts of information stored in the browser used by each User \u2014on the various devices they may use to navigate\u2014 so that the server remembers certain information that only the server that implemented it will subsequently read. Cookies make navigation easier, [&hellip;]","og_url":"https:\/\/lacasadelelefante.com\/en\/cookies-policy\/","og_site_name":"Masajes en Vejer de la Frontera | Centro de Bienestar La Casa del Elefante","article_publisher":"https:\/\/www.facebook.com\/LaCasadelElefante\/","article_modified_time":"2024-02-13T15:33:08+00:00","og_image":[{"url":"https:\/\/lacasadelelefante.com\/wp-content\/uploads\/2023\/11\/2-Image-UDSRXYQ.png","type":"","width":"","height":""}],"twitter_card":"summary_large_image","twitter_misc":{"Est. reading time":"4 minutes"},"schema":{"@context":"https:\/\/schema.org","@graph":[{"@type":"WebPage","@id":"https:\/\/lacasadelelefante.com\/en\/cookies-policy\/","url":"https:\/\/lacasadelelefante.com\/en\/cookies-policy\/","name":"Cookies policy - Masajes en Vejer de la Frontera | Centro de Bienestar La Casa del Elefante","isPartOf":{"@id":"https:\/\/lacasadelelefante.com\/en\/#website"},"primaryImageOfPage":{"@id":"https:\/\/lacasadelelefante.com\/en\/cookies-policy\/#primaryimage"},"image":{"@id":"https:\/\/lacasadelelefante.com\/en\/cookies-policy\/#primaryimage"},"thumbnailUrl":"https:\/\/lacasadelelefante.com\/wp-content\/uploads\/2023\/11\/2-Image-UDSRXYQ.png","datePublished":"2024-01-09T13:22:15+00:00","dateModified":"2024-02-13T15:33:08+00:00","breadcrumb":{"@id":"https:\/\/lacasadelelefante.com\/en\/cookies-policy\/#breadcrumb"},"inLanguage":"en-US","potentialAction":[{"@type":"ReadAction","target":["https:\/\/lacasadelelefante.com\/en\/cookies-policy\/"]}]},{"@type":"ImageObject","inLanguage":"en-US","@id":"https:\/\/lacasadelelefante.com\/en\/cookies-policy\/#primaryimage","url":"https:\/\/lacasadelelefante.com\/wp-content\/uploads\/2023\/11\/2-Image-UDSRXYQ.png","contentUrl":"https:\/\/lacasadelelefante.com\/wp-content\/uploads\/2023\/11\/2-Image-UDSRXYQ.png"},{"@type":"BreadcrumbList","@id":"https:\/\/lacasadelelefante.com\/en\/cookies-policy\/#breadcrumb","itemListElement":[{"@type":"ListItem","position":1,"name":"Portada","item":"https:\/\/lacasadelelefante.com\/en\/"},{"@type":"ListItem","position":2,"name":"Cookies policy"}]},{"@type":"WebSite","@id":"https:\/\/lacasadelelefante.com\/en\/#website","url":"https:\/\/lacasadelelefante.com\/en\/","name":"La Casa del Elefante","description":"Centro de bienestar en Vejer de la Frontera, C\u00e1diz. Masajes, osteopat\u00eda y acupuntura en el casco antiguo. Reserva tu sesi\u00f3n ahora.","publisher":{"@id":"https:\/\/lacasadelelefante.com\/en\/#organization"},"potentialAction":[{"@type":"SearchAction","target":{"@type":"EntryPoint","urlTemplate":"https:\/\/lacasadelelefante.com\/en\/?s={search_term_string}"},"query-input":{"@type":"PropertyValueSpecification","valueRequired":true,"valueName":"search_term_string"}}],"inLanguage":"en-US"},{"@type":"Organization","@id":"https:\/\/lacasadelelefante.com\/en\/#organization","name":"La Casa del Elefante","url":"https:\/\/lacasadelelefante.com\/en\/","logo":{"@type":"ImageObject","inLanguage":"en-US","@id":"https:\/\/lacasadelelefante.com\/en\/#\/schema\/logo\/image\/","url":"https:\/\/lacasadelelefante.com\/wp-content\/uploads\/2023\/11\/cropped-la-casa-del-elefante-vejer-logotipo.png","contentUrl":"https:\/\/lacasadelelefante.com\/wp-content\/uploads\/2023\/11\/cropped-la-casa-del-elefante-vejer-logotipo.png","width":419,"height":331,"caption":"La Casa del Elefante"},"image":{"@id":"https:\/\/lacasadelelefante.com\/en\/#\/schema\/logo\/image\/"},"sameAs":["https:\/\/www.facebook.com\/LaCasadelElefante\/","https:\/\/www.instagram.com\/lacasadelelefantevejer\/"]}]}},"_links":{"self":[{"href":"https:\/\/lacasadelelefante.com\/en\/wp-json\/wp\/v2\/pages\/2076","targetHints":{"allow":["GET"]}}],"collection":[{"href":"https:\/\/lacasadelelefante.com\/en\/wp-json\/wp\/v2\/pages"}],"about":[{"href":"https:\/\/lacasadelelefante.com\/en\/wp-json\/wp\/v2\/types\/page"}],"author":[{"embeddable":true,"href":"https:\/\/lacasadelelefante.com\/en\/wp-json\/wp\/v2\/users\/1"}],"replies":[{"embeddable":true,"href":"https:\/\/lacasadelelefante.com\/en\/wp-json\/wp\/v2\/comments?post=2076"}],"version-history":[{"count":1,"href":"https:\/\/lacasadelelefante.com\/en\/wp-json\/wp\/v2\/pages\/2076\/revisions"}],"predecessor-version":[{"id":2077,"href":"https:\/\/lacasadelelefante.com\/en\/wp-json\/wp\/v2\/pages\/2076\/revisions\/2077"}],"wp:attachment":[{"href":"https:\/\/lacasadelelefante.com\/en\/wp-json\/wp\/v2\/media?parent=2076"}],"curies":[{"name":"wp","href":"https:\/\/api.w.org\/{rel}","templated":true}]}}