{"id":2074,"date":"2024-01-09T14:37:15","date_gmt":"2024-01-09T13:37:15","guid":{"rendered":"https:\/\/lacasadelelefante.com\/accessibility-statement\/"},"modified":"2024-02-13T16:32:14","modified_gmt":"2024-02-13T15:32:14","slug":"accessibility-statement","status":"publish","type":"page","link":"https:\/\/lacasadelelefante.com\/en\/accessibility-statement\/","title":{"rendered":"Accessibility statement"},"content":{"rendered":"\t\t<div data-elementor-type=\"wp-post\" data-elementor-id=\"2074\" class=\"elementor elementor-2074 elementor-1623\" data-elementor-post-type=\"page\">\n\t\t\t\t\t\t<section class=\"elementor-section elementor-top-section elementor-element elementor-element-261c7ec elementor-section-boxed elementor-section-height-default elementor-section-height-default\" data-id=\"261c7ec\" data-element_type=\"section\" data-e-type=\"section\" data-settings=\"{&quot;background_background&quot;:&quot;classic&quot;}\">\n\t\t\t\t\t\t\t<div class=\"elementor-background-overlay\"><\/div>\n\t\t\t\t\t\t\t<div class=\"elementor-container elementor-column-gap-default\">\n\t\t\t\t\t<div class=\"elementor-column elementor-col-100 elementor-top-column elementor-element elementor-element-2ecfc0c\" data-id=\"2ecfc0c\" data-element_type=\"column\" data-e-type=\"column\">\n\t\t\t<div class=\"elementor-widget-wrap elementor-element-populated\">\n\t\t\t\t\t\t<section class=\"elementor-section elementor-inner-section elementor-element elementor-element-bd8e1f6 elementor-section-boxed elementor-section-height-default elementor-section-height-default\" data-id=\"bd8e1f6\" data-element_type=\"section\" data-e-type=\"section\">\n\t\t\t\t\t\t<div class=\"elementor-container elementor-column-gap-default\">\n\t\t\t\t\t<div class=\"elementor-column elementor-col-100 elementor-inner-column elementor-element elementor-element-7081b7c\" data-id=\"7081b7c\" data-element_type=\"column\" data-e-type=\"column\">\n\t\t\t<div class=\"elementor-widget-wrap elementor-element-populated\">\n\t\t\t\t\t\t<div class=\"elementor-element elementor-element-e03a8aa elementor-widget__width-inherit elementor-invisible elementor-widget elementor-widget-heading\" data-id=\"e03a8aa\" data-element_type=\"widget\" data-e-type=\"widget\" data-settings=\"{&quot;_animation&quot;:&quot;fadeInDown&quot;}\" data-widget_type=\"heading.default\">\n\t\t\t\t<div class=\"elementor-widget-container\">\n\t\t\t\t\t<h1 class=\"elementor-heading-title elementor-size-default\">Accessibility statement<\/h1>\t\t\t\t<\/div>\n\t\t\t\t<\/div>\n\t\t\t\t<div class=\"elementor-element elementor-element-b6d6a98 elementor-invisible elementor-widget elementor-widget-image\" data-id=\"b6d6a98\" data-element_type=\"widget\" data-e-type=\"widget\" data-settings=\"{&quot;_animation&quot;:&quot;fadeInDown&quot;}\" data-widget_type=\"image.default\">\n\t\t\t\t<div class=\"elementor-widget-container\">\n\t\t\t\t\t\t\t\t\t\t\t\t\t\t\t<img decoding=\"async\" width=\"410\" height=\"32\" src=\"https:\/\/lacasadelelefante.com\/wp-content\/uploads\/2023\/11\/2-Image-UDSRXYQ.png\" class=\"attachment-large size-large wp-image-2003\" alt=\"\" srcset=\"https:\/\/lacasadelelefante.com\/wp-content\/uploads\/2023\/11\/2-Image-UDSRXYQ.png 410w, https:\/\/lacasadelelefante.com\/wp-content\/uploads\/2023\/11\/2-Image-UDSRXYQ-300x23.png 300w\" sizes=\"(max-width: 410px) 100vw, 410px\" \/>\t\t\t\t\t\t\t\t\t\t\t\t\t\t\t<\/div>\n\t\t\t\t<\/div>\n\t\t\t\t\t<\/div>\n\t\t<\/div>\n\t\t\t\t\t<\/div>\n\t\t<\/section>\n\t\t\t\t\t<\/div>\n\t\t<\/div>\n\t\t\t\t\t<\/div>\n\t\t<\/section>\n\t\t\t\t<section class=\"elementor-section elementor-top-section elementor-element elementor-element-bbd0fa2 elementor-section-boxed elementor-section-height-default elementor-section-height-default\" data-id=\"bbd0fa2\" data-element_type=\"section\" data-e-type=\"section\" id=\"sobre-nosotros\" data-settings=\"{&quot;background_background&quot;:&quot;classic&quot;}\">\n\t\t\t\t\t\t<div class=\"elementor-container elementor-column-gap-default\">\n\t\t\t\t\t<div class=\"elementor-column elementor-col-100 elementor-top-column elementor-element elementor-element-95dc475\" data-id=\"95dc475\" data-element_type=\"column\" data-e-type=\"column\">\n\t\t\t<div class=\"elementor-widget-wrap elementor-element-populated\">\n\t\t\t\t\t\t<div class=\"elementor-element elementor-element-347c482 elementor-invisible elementor-widget elementor-widget-text-editor\" data-id=\"347c482\" data-element_type=\"widget\" data-e-type=\"widget\" data-settings=\"{&quot;_animation&quot;:&quot;fadeInDown&quot;}\" data-widget_type=\"text-editor.default\">\n\t\t\t\t<div class=\"elementor-widget-container\">\n\t\t\t\t\t\t\t\t\tDeclaration of Web Accessibility for the European Union\r\n\r\nWe commit to complying with the standards of WCAG 2.1 to ensure that our website is accessible to all users.\r\n\r\nWe have implemented all necessary measures to ensure that all content and functionality of our website is accessible to all users, regardless of their abilities. These measures include, among others, translating the website into multiple languages, incorporating language tags, encoding structured content, and selecting appropriate colors.\r\n\r\nAll our video and audio content has been subtitled and\/or provided with complete transcripts, so that users who cannot hear them have the same information as users who can hear them.\r\n\r\nOur website contains accessibility information to assist users in navigating the web safely and comfortably.\r\n\r\nOur team of web developers and graphic designers has worked hard to build a website that is easily accessible to all individuals.\r\n\r\nWe are committed to improving the accessibility of our website as web content standards evolve.\r\n\r\nIf you have any questions or comments about the accessibility of our website, please contact us and we will respond promptly.\t\t\t\t\t\t\t\t<\/div>\n\t\t\t\t<\/div>\n\t\t\t\t\t<\/div>\n\t\t<\/div>\n\t\t\t\t\t<\/div>\n\t\t<\/section>\n\t\t\t\t<\/div>\n\t\t","protected":false},"excerpt":{"rendered":"<p>Declaration of Web Accessibility for the European Union We commit to complying with the standards of WCAG 2.1 to ensure that our website is accessible to all users. We have implemented all necessary measures to ensure that all content and functionality of our website is accessible to all users, regardless of their abilities. These measures [&hellip;]<\/p>\n","protected":false},"author":1,"featured_media":0,"parent":0,"menu_order":0,"comment_status":"closed","ping_status":"closed","template":"","meta":{"footnotes":""},"class_list":["post-2074","page","type-page","status-publish","hentry"],"yoast_head":"<!-- This site is optimized with the Yoast SEO plugin v27.5 - https:\/\/yoast.com\/product\/yoast-seo-wordpress\/ -->\n<title>Accessibility statement - Masajes en Vejer de la Frontera | Centro de Bienestar La Casa del Elefante<\/title>\n<meta name=\"robots\" content=\"index, follow, max-snippet:-1, max-image-preview:large, max-video-preview:-1\" \/>\n<link rel=\"canonical\" href=\"https:\/\/lacasadelelefante.com\/en\/accessibility-statement\/\" \/>\n<meta property=\"og:locale\" content=\"en_US\" \/>\n<meta property=\"og:type\" content=\"article\" \/>\n<meta property=\"og:title\" content=\"Accessibility statement - Masajes en Vejer de la Frontera | Centro de Bienestar La Casa del Elefante\" \/>\n<meta property=\"og:description\" content=\"Declaration of Web Accessibility for the European Union We commit to complying with the standards of WCAG 2.1 to ensure that our website is accessible to all users. We have implemented all necessary measures to ensure that all content and functionality of our website is accessible to all users, regardless of their abilities. These measures [&hellip;]\" \/>\n<meta property=\"og:url\" content=\"https:\/\/lacasadelelefante.com\/en\/accessibility-statement\/\" \/>\n<meta property=\"og:site_name\" content=\"Masajes en Vejer de la Frontera | Centro de Bienestar La Casa del Elefante\" \/>\n<meta property=\"article:publisher\" content=\"https:\/\/www.facebook.com\/LaCasadelElefante\/\" \/>\n<meta property=\"article:modified_time\" content=\"2024-02-13T15:32:14+00:00\" \/>\n<meta property=\"og:image\" content=\"https:\/\/lacasadelelefante.com\/wp-content\/uploads\/2023\/11\/2-Image-UDSRXYQ.png\" \/>\n<meta name=\"twitter:card\" content=\"summary_large_image\" \/>\n<meta name=\"twitter:label1\" content=\"Est. reading time\" \/>\n\t<meta name=\"twitter:data1\" content=\"1 minute\" \/>\n<script type=\"application\/ld+json\" class=\"yoast-schema-graph\">{\"@context\":\"https:\\\/\\\/schema.org\",\"@graph\":[{\"@type\":\"WebPage\",\"@id\":\"https:\\\/\\\/lacasadelelefante.com\\\/en\\\/accessibility-statement\\\/\",\"url\":\"https:\\\/\\\/lacasadelelefante.com\\\/en\\\/accessibility-statement\\\/\",\"name\":\"Accessibility statement - Masajes en Vejer de la Frontera | Centro de Bienestar La Casa del Elefante\",\"isPartOf\":{\"@id\":\"https:\\\/\\\/lacasadelelefante.com\\\/en\\\/#website\"},\"primaryImageOfPage\":{\"@id\":\"https:\\\/\\\/lacasadelelefante.com\\\/en\\\/accessibility-statement\\\/#primaryimage\"},\"image\":{\"@id\":\"https:\\\/\\\/lacasadelelefante.com\\\/en\\\/accessibility-statement\\\/#primaryimage\"},\"thumbnailUrl\":\"https:\\\/\\\/lacasadelelefante.com\\\/wp-content\\\/uploads\\\/2023\\\/11\\\/2-Image-UDSRXYQ.png\",\"datePublished\":\"2024-01-09T13:37:15+00:00\",\"dateModified\":\"2024-02-13T15:32:14+00:00\",\"breadcrumb\":{\"@id\":\"https:\\\/\\\/lacasadelelefante.com\\\/en\\\/accessibility-statement\\\/#breadcrumb\"},\"inLanguage\":\"en-US\",\"potentialAction\":[{\"@type\":\"ReadAction\",\"target\":[\"https:\\\/\\\/lacasadelelefante.com\\\/en\\\/accessibility-statement\\\/\"]}]},{\"@type\":\"ImageObject\",\"inLanguage\":\"en-US\",\"@id\":\"https:\\\/\\\/lacasadelelefante.com\\\/en\\\/accessibility-statement\\\/#primaryimage\",\"url\":\"https:\\\/\\\/lacasadelelefante.com\\\/wp-content\\\/uploads\\\/2023\\\/11\\\/2-Image-UDSRXYQ.png\",\"contentUrl\":\"https:\\\/\\\/lacasadelelefante.com\\\/wp-content\\\/uploads\\\/2023\\\/11\\\/2-Image-UDSRXYQ.png\"},{\"@type\":\"BreadcrumbList\",\"@id\":\"https:\\\/\\\/lacasadelelefante.com\\\/en\\\/accessibility-statement\\\/#breadcrumb\",\"itemListElement\":[{\"@type\":\"ListItem\",\"position\":1,\"name\":\"Portada\",\"item\":\"https:\\\/\\\/lacasadelelefante.com\\\/en\\\/\"},{\"@type\":\"ListItem\",\"position\":2,\"name\":\"Accessibility statement\"}]},{\"@type\":\"WebSite\",\"@id\":\"https:\\\/\\\/lacasadelelefante.com\\\/en\\\/#website\",\"url\":\"https:\\\/\\\/lacasadelelefante.com\\\/en\\\/\",\"name\":\"La Casa del Elefante\",\"description\":\"Centro de bienestar en Vejer de la Frontera, C\u00e1diz. Masajes, osteopat\u00eda y acupuntura en el casco antiguo. Reserva tu sesi\u00f3n ahora.\",\"publisher\":{\"@id\":\"https:\\\/\\\/lacasadelelefante.com\\\/en\\\/#organization\"},\"potentialAction\":[{\"@type\":\"SearchAction\",\"target\":{\"@type\":\"EntryPoint\",\"urlTemplate\":\"https:\\\/\\\/lacasadelelefante.com\\\/en\\\/?s={search_term_string}\"},\"query-input\":{\"@type\":\"PropertyValueSpecification\",\"valueRequired\":true,\"valueName\":\"search_term_string\"}}],\"inLanguage\":\"en-US\"},{\"@type\":\"Organization\",\"@id\":\"https:\\\/\\\/lacasadelelefante.com\\\/en\\\/#organization\",\"name\":\"La Casa del Elefante\",\"url\":\"https:\\\/\\\/lacasadelelefante.com\\\/en\\\/\",\"logo\":{\"@type\":\"ImageObject\",\"inLanguage\":\"en-US\",\"@id\":\"https:\\\/\\\/lacasadelelefante.com\\\/en\\\/#\\\/schema\\\/logo\\\/image\\\/\",\"url\":\"https:\\\/\\\/lacasadelelefante.com\\\/wp-content\\\/uploads\\\/2023\\\/11\\\/cropped-la-casa-del-elefante-vejer-logotipo.png\",\"contentUrl\":\"https:\\\/\\\/lacasadelelefante.com\\\/wp-content\\\/uploads\\\/2023\\\/11\\\/cropped-la-casa-del-elefante-vejer-logotipo.png\",\"width\":419,\"height\":331,\"caption\":\"La Casa del Elefante\"},\"image\":{\"@id\":\"https:\\\/\\\/lacasadelelefante.com\\\/en\\\/#\\\/schema\\\/logo\\\/image\\\/\"},\"sameAs\":[\"https:\\\/\\\/www.facebook.com\\\/LaCasadelElefante\\\/\",\"https:\\\/\\\/www.instagram.com\\\/lacasadelelefantevejer\\\/\"]}]}<\/script>\n<!-- \/ Yoast SEO plugin. -->","yoast_head_json":{"title":"Accessibility statement - Masajes en Vejer de la Frontera | Centro de Bienestar La Casa del Elefante","robots":{"index":"index","follow":"follow","max-snippet":"max-snippet:-1","max-image-preview":"max-image-preview:large","max-video-preview":"max-video-preview:-1"},"canonical":"https:\/\/lacasadelelefante.com\/en\/accessibility-statement\/","og_locale":"en_US","og_type":"article","og_title":"Accessibility statement - Masajes en Vejer de la Frontera | Centro de Bienestar La Casa del Elefante","og_description":"Declaration of Web Accessibility for the European Union We commit to complying with the standards of WCAG 2.1 to ensure that our website is accessible to all users. We have implemented all necessary measures to ensure that all content and functionality of our website is accessible to all users, regardless of their abilities. These measures [&hellip;]","og_url":"https:\/\/lacasadelelefante.com\/en\/accessibility-statement\/","og_site_name":"Masajes en Vejer de la Frontera | Centro de Bienestar La Casa del Elefante","article_publisher":"https:\/\/www.facebook.com\/LaCasadelElefante\/","article_modified_time":"2024-02-13T15:32:14+00:00","og_image":[{"url":"https:\/\/lacasadelelefante.com\/wp-content\/uploads\/2023\/11\/2-Image-UDSRXYQ.png","type":"","width":"","height":""}],"twitter_card":"summary_large_image","twitter_misc":{"Est. reading time":"1 minute"},"schema":{"@context":"https:\/\/schema.org","@graph":[{"@type":"WebPage","@id":"https:\/\/lacasadelelefante.com\/en\/accessibility-statement\/","url":"https:\/\/lacasadelelefante.com\/en\/accessibility-statement\/","name":"Accessibility statement - Masajes en Vejer de la Frontera | Centro de Bienestar La Casa del Elefante","isPartOf":{"@id":"https:\/\/lacasadelelefante.com\/en\/#website"},"primaryImageOfPage":{"@id":"https:\/\/lacasadelelefante.com\/en\/accessibility-statement\/#primaryimage"},"image":{"@id":"https:\/\/lacasadelelefante.com\/en\/accessibility-statement\/#primaryimage"},"thumbnailUrl":"https:\/\/lacasadelelefante.com\/wp-content\/uploads\/2023\/11\/2-Image-UDSRXYQ.png","datePublished":"2024-01-09T13:37:15+00:00","dateModified":"2024-02-13T15:32:14+00:00","breadcrumb":{"@id":"https:\/\/lacasadelelefante.com\/en\/accessibility-statement\/#breadcrumb"},"inLanguage":"en-US","potentialAction":[{"@type":"ReadAction","target":["https:\/\/lacasadelelefante.com\/en\/accessibility-statement\/"]}]},{"@type":"ImageObject","inLanguage":"en-US","@id":"https:\/\/lacasadelelefante.com\/en\/accessibility-statement\/#primaryimage","url":"https:\/\/lacasadelelefante.com\/wp-content\/uploads\/2023\/11\/2-Image-UDSRXYQ.png","contentUrl":"https:\/\/lacasadelelefante.com\/wp-content\/uploads\/2023\/11\/2-Image-UDSRXYQ.png"},{"@type":"BreadcrumbList","@id":"https:\/\/lacasadelelefante.com\/en\/accessibility-statement\/#breadcrumb","itemListElement":[{"@type":"ListItem","position":1,"name":"Portada","item":"https:\/\/lacasadelelefante.com\/en\/"},{"@type":"ListItem","position":2,"name":"Accessibility statement"}]},{"@type":"WebSite","@id":"https:\/\/lacasadelelefante.com\/en\/#website","url":"https:\/\/lacasadelelefante.com\/en\/","name":"La Casa del Elefante","description":"Centro de bienestar en Vejer de la Frontera, C\u00e1diz. Masajes, osteopat\u00eda y acupuntura en el casco antiguo. Reserva tu sesi\u00f3n ahora.","publisher":{"@id":"https:\/\/lacasadelelefante.com\/en\/#organization"},"potentialAction":[{"@type":"SearchAction","target":{"@type":"EntryPoint","urlTemplate":"https:\/\/lacasadelelefante.com\/en\/?s={search_term_string}"},"query-input":{"@type":"PropertyValueSpecification","valueRequired":true,"valueName":"search_term_string"}}],"inLanguage":"en-US"},{"@type":"Organization","@id":"https:\/\/lacasadelelefante.com\/en\/#organization","name":"La Casa del Elefante","url":"https:\/\/lacasadelelefante.com\/en\/","logo":{"@type":"ImageObject","inLanguage":"en-US","@id":"https:\/\/lacasadelelefante.com\/en\/#\/schema\/logo\/image\/","url":"https:\/\/lacasadelelefante.com\/wp-content\/uploads\/2023\/11\/cropped-la-casa-del-elefante-vejer-logotipo.png","contentUrl":"https:\/\/lacasadelelefante.com\/wp-content\/uploads\/2023\/11\/cropped-la-casa-del-elefante-vejer-logotipo.png","width":419,"height":331,"caption":"La Casa del Elefante"},"image":{"@id":"https:\/\/lacasadelelefante.com\/en\/#\/schema\/logo\/image\/"},"sameAs":["https:\/\/www.facebook.com\/LaCasadelElefante\/","https:\/\/www.instagram.com\/lacasadelelefantevejer\/"]}]}},"_links":{"self":[{"href":"https:\/\/lacasadelelefante.com\/en\/wp-json\/wp\/v2\/pages\/2074","targetHints":{"allow":["GET"]}}],"collection":[{"href":"https:\/\/lacasadelelefante.com\/en\/wp-json\/wp\/v2\/pages"}],"about":[{"href":"https:\/\/lacasadelelefante.com\/en\/wp-json\/wp\/v2\/types\/page"}],"author":[{"embeddable":true,"href":"https:\/\/lacasadelelefante.com\/en\/wp-json\/wp\/v2\/users\/1"}],"replies":[{"embeddable":true,"href":"https:\/\/lacasadelelefante.com\/en\/wp-json\/wp\/v2\/comments?post=2074"}],"version-history":[{"count":1,"href":"https:\/\/lacasadelelefante.com\/en\/wp-json\/wp\/v2\/pages\/2074\/revisions"}],"predecessor-version":[{"id":2075,"href":"https:\/\/lacasadelelefante.com\/en\/wp-json\/wp\/v2\/pages\/2074\/revisions\/2075"}],"wp:attachment":[{"href":"https:\/\/lacasadelelefante.com\/en\/wp-json\/wp\/v2\/media?parent=2074"}],"curies":[{"name":"wp","href":"https:\/\/api.w.org\/{rel}","templated":true}]}}