{"id":2067,"date":"2024-01-09T14:25:38","date_gmt":"2024-01-09T13:25:38","guid":{"rendered":"https:\/\/lacasadelelefante.com\/booking-conditions\/"},"modified":"2025-01-15T15:22:11","modified_gmt":"2025-01-15T14:22:11","slug":"booking-conditions","status":"publish","type":"page","link":"https:\/\/lacasadelelefante.com\/en\/booking-conditions\/","title":{"rendered":"Booking conditions"},"content":{"rendered":"\t\t<div data-elementor-type=\"wp-post\" data-elementor-id=\"2067\" class=\"elementor elementor-2067 elementor-1576\" data-elementor-post-type=\"page\">\n\t\t\t\t\t\t<section class=\"elementor-section elementor-top-section elementor-element elementor-element-261c7ec elementor-section-boxed elementor-section-height-default elementor-section-height-default\" data-id=\"261c7ec\" data-element_type=\"section\" data-e-type=\"section\" data-settings=\"{&quot;background_background&quot;:&quot;classic&quot;}\">\n\t\t\t\t\t\t\t<div class=\"elementor-background-overlay\"><\/div>\n\t\t\t\t\t\t\t<div class=\"elementor-container elementor-column-gap-default\">\n\t\t\t\t\t<div class=\"elementor-column elementor-col-100 elementor-top-column elementor-element elementor-element-2ecfc0c\" data-id=\"2ecfc0c\" data-element_type=\"column\" data-e-type=\"column\">\n\t\t\t<div class=\"elementor-widget-wrap elementor-element-populated\">\n\t\t\t\t\t\t<section class=\"elementor-section elementor-inner-section elementor-element elementor-element-bd8e1f6 elementor-section-boxed elementor-section-height-default elementor-section-height-default\" data-id=\"bd8e1f6\" data-element_type=\"section\" data-e-type=\"section\">\n\t\t\t\t\t\t<div class=\"elementor-container elementor-column-gap-default\">\n\t\t\t\t\t<div class=\"elementor-column elementor-col-100 elementor-inner-column elementor-element elementor-element-7081b7c\" data-id=\"7081b7c\" data-element_type=\"column\" data-e-type=\"column\">\n\t\t\t<div class=\"elementor-widget-wrap elementor-element-populated\">\n\t\t\t\t\t\t<div class=\"elementor-element elementor-element-e03a8aa elementor-widget__width-inherit elementor-invisible elementor-widget elementor-widget-heading\" data-id=\"e03a8aa\" data-element_type=\"widget\" data-e-type=\"widget\" data-settings=\"{&quot;_animation&quot;:&quot;fadeInDown&quot;}\" data-widget_type=\"heading.default\">\n\t\t\t\t<div class=\"elementor-widget-container\">\n\t\t\t\t\t<h1 class=\"elementor-heading-title elementor-size-default\">Booking conditions<\/h1>\t\t\t\t<\/div>\n\t\t\t\t<\/div>\n\t\t\t\t<div class=\"elementor-element elementor-element-b6d6a98 elementor-invisible elementor-widget elementor-widget-image\" data-id=\"b6d6a98\" data-element_type=\"widget\" data-e-type=\"widget\" data-settings=\"{&quot;_animation&quot;:&quot;fadeInDown&quot;}\" data-widget_type=\"image.default\">\n\t\t\t\t<div class=\"elementor-widget-container\">\n\t\t\t\t\t\t\t\t\t\t\t\t\t\t\t<img decoding=\"async\" width=\"410\" height=\"32\" src=\"https:\/\/lacasadelelefante.com\/wp-content\/uploads\/2023\/11\/2-Image-UDSRXYQ.png\" class=\"attachment-large size-large wp-image-2003\" alt=\"\" srcset=\"https:\/\/lacasadelelefante.com\/wp-content\/uploads\/2023\/11\/2-Image-UDSRXYQ.png 410w, https:\/\/lacasadelelefante.com\/wp-content\/uploads\/2023\/11\/2-Image-UDSRXYQ-300x23.png 300w\" sizes=\"(max-width: 410px) 100vw, 410px\" \/>\t\t\t\t\t\t\t\t\t\t\t\t\t\t\t<\/div>\n\t\t\t\t<\/div>\n\t\t\t\t\t<\/div>\n\t\t<\/div>\n\t\t\t\t\t<\/div>\n\t\t<\/section>\n\t\t\t\t\t<\/div>\n\t\t<\/div>\n\t\t\t\t\t<\/div>\n\t\t<\/section>\n\t\t\t\t<section class=\"elementor-section elementor-top-section elementor-element elementor-element-bbd0fa2 elementor-section-boxed elementor-section-height-default elementor-section-height-default\" data-id=\"bbd0fa2\" data-element_type=\"section\" data-e-type=\"section\" id=\"sobre-nosotros\" data-settings=\"{&quot;background_background&quot;:&quot;classic&quot;}\">\n\t\t\t\t\t\t<div class=\"elementor-container elementor-column-gap-default\">\n\t\t\t\t\t<div class=\"elementor-column elementor-col-100 elementor-top-column elementor-element elementor-element-95dc475\" data-id=\"95dc475\" data-element_type=\"column\" data-e-type=\"column\">\n\t\t\t<div class=\"elementor-widget-wrap elementor-element-populated\">\n\t\t\t\t\t\t<div class=\"elementor-element elementor-element-347c482 elementor-invisible elementor-widget elementor-widget-text-editor\" data-id=\"347c482\" data-element_type=\"widget\" data-e-type=\"widget\" data-settings=\"{&quot;_animation&quot;:&quot;fadeInDown&quot;}\" data-widget_type=\"text-editor.default\">\n\t\t\t\t<div class=\"elementor-widget-container\">\n\t\t\t\t\t\t\t\t\t<h2>BOOKING POLICY<\/h2>\n<p>Reservations can be made directly by phone or by requesting availability by email or WhatsApp messages.<br \/>\nResponses via instant messaging or email are usually quite fast (less than 2 hours) but we guarantee to respond within no more than 24 hours.<\/p>\n<p>Gift Vouchers are paid entirely in cash or by card at our center or by bank transfer; In the latter case, once the deposit is confirmed, the gift voucher will be sent via e-mail for printing or, if preferred, it can be sent by postal mail to the desired destination and person (extra charge of 4.50 EUR if it is within the Spanish peninsula). The Bonds have a maturity period of 4 months from the purchase date.<br \/>\nFor third-party Gift Vouchers, you must make the reservation within a period of no less than 24 hours and with a later date no more than 1 month. Cancellations must be made within a period of more than 48 hours from the date and time of the reservation. The company reserves the right to offer a new appointment to offer the service and in no case in periods longer than 6 months.<\/p>\n<p>Please be punctual and arrive at our center at least 10 minutes before your appointment. Delay in arrival may result in alteration of the duration of the service. It is often difficult to find parking in Vejer so we ask you to be cautious in this regard. At the time of making the reservation, the best way to get to the establishment will be indicated, and this information will also be detailed electronically.<\/p>\n\t\t\t\t\t\t\t\t<\/div>\n\t\t\t\t<\/div>\n\t\t\t\t\t<\/div>\n\t\t<\/div>\n\t\t\t\t\t<\/div>\n\t\t<\/section>\n\t\t\t\t<\/div>\n\t\t","protected":false},"excerpt":{"rendered":"<p>BOOKING POLICY Reservations can be made directly by phone or by requesting availability by email or WhatsApp messages. Responses via instant messaging or email are usually quite fast (less than 2 hours) but we guarantee to respond within no more than 24 hours. Gift Vouchers are paid entirely in cash or by card at our [&hellip;]<\/p>\n","protected":false},"author":1,"featured_media":0,"parent":0,"menu_order":0,"comment_status":"closed","ping_status":"closed","template":"","meta":{"footnotes":""},"class_list":["post-2067","page","type-page","status-publish","hentry"],"yoast_head":"<!-- This site is optimized with the Yoast SEO plugin v27.4 - https:\/\/yoast.com\/product\/yoast-seo-wordpress\/ -->\n<title>Booking conditions - Masajes en Vejer de la Frontera | Centro de Bienestar La Casa del Elefante<\/title>\n<meta name=\"robots\" content=\"index, follow, max-snippet:-1, max-image-preview:large, max-video-preview:-1\" \/>\n<link rel=\"canonical\" href=\"https:\/\/lacasadelelefante.com\/en\/booking-conditions\/\" \/>\n<meta property=\"og:locale\" content=\"en_US\" \/>\n<meta property=\"og:type\" content=\"article\" \/>\n<meta property=\"og:title\" content=\"Booking conditions - Masajes en Vejer de la Frontera | Centro de Bienestar La Casa del Elefante\" \/>\n<meta property=\"og:description\" content=\"BOOKING POLICY Reservations can be made directly by phone or by requesting availability by email or WhatsApp messages. Responses via instant messaging or email are usually quite fast (less than 2 hours) but we guarantee to respond within no more than 24 hours. Gift Vouchers are paid entirely in cash or by card at our [&hellip;]\" \/>\n<meta property=\"og:url\" content=\"https:\/\/lacasadelelefante.com\/en\/booking-conditions\/\" \/>\n<meta property=\"og:site_name\" content=\"Masajes en Vejer de la Frontera | Centro de Bienestar La Casa del Elefante\" \/>\n<meta property=\"article:publisher\" content=\"https:\/\/www.facebook.com\/LaCasadelElefante\/\" \/>\n<meta property=\"article:modified_time\" content=\"2025-01-15T14:22:11+00:00\" \/>\n<meta property=\"og:image\" content=\"https:\/\/lacasadelelefante.com\/wp-content\/uploads\/2023\/11\/2-Image-UDSRXYQ.png\" \/>\n\t<meta property=\"og:image:width\" content=\"410\" \/>\n\t<meta property=\"og:image:height\" content=\"32\" \/>\n\t<meta property=\"og:image:type\" content=\"image\/png\" \/>\n<meta name=\"twitter:card\" content=\"summary_large_image\" \/>\n<meta name=\"twitter:label1\" content=\"Est. reading time\" \/>\n\t<meta name=\"twitter:data1\" content=\"1 minute\" \/>\n<script type=\"application\/ld+json\" class=\"yoast-schema-graph\">{\"@context\":\"https:\\\/\\\/schema.org\",\"@graph\":[{\"@type\":\"WebPage\",\"@id\":\"https:\\\/\\\/lacasadelelefante.com\\\/en\\\/booking-conditions\\\/\",\"url\":\"https:\\\/\\\/lacasadelelefante.com\\\/en\\\/booking-conditions\\\/\",\"name\":\"Booking conditions - Masajes en Vejer de la Frontera | Centro de Bienestar La Casa del Elefante\",\"isPartOf\":{\"@id\":\"https:\\\/\\\/lacasadelelefante.com\\\/en\\\/#website\"},\"primaryImageOfPage\":{\"@id\":\"https:\\\/\\\/lacasadelelefante.com\\\/en\\\/booking-conditions\\\/#primaryimage\"},\"image\":{\"@id\":\"https:\\\/\\\/lacasadelelefante.com\\\/en\\\/booking-conditions\\\/#primaryimage\"},\"thumbnailUrl\":\"https:\\\/\\\/lacasadelelefante.com\\\/wp-content\\\/uploads\\\/2023\\\/11\\\/2-Image-UDSRXYQ.png\",\"datePublished\":\"2024-01-09T13:25:38+00:00\",\"dateModified\":\"2025-01-15T14:22:11+00:00\",\"breadcrumb\":{\"@id\":\"https:\\\/\\\/lacasadelelefante.com\\\/en\\\/booking-conditions\\\/#breadcrumb\"},\"inLanguage\":\"en-US\",\"potentialAction\":[{\"@type\":\"ReadAction\",\"target\":[\"https:\\\/\\\/lacasadelelefante.com\\\/en\\\/booking-conditions\\\/\"]}]},{\"@type\":\"ImageObject\",\"inLanguage\":\"en-US\",\"@id\":\"https:\\\/\\\/lacasadelelefante.com\\\/en\\\/booking-conditions\\\/#primaryimage\",\"url\":\"https:\\\/\\\/lacasadelelefante.com\\\/wp-content\\\/uploads\\\/2023\\\/11\\\/2-Image-UDSRXYQ.png\",\"contentUrl\":\"https:\\\/\\\/lacasadelelefante.com\\\/wp-content\\\/uploads\\\/2023\\\/11\\\/2-Image-UDSRXYQ.png\"},{\"@type\":\"BreadcrumbList\",\"@id\":\"https:\\\/\\\/lacasadelelefante.com\\\/en\\\/booking-conditions\\\/#breadcrumb\",\"itemListElement\":[{\"@type\":\"ListItem\",\"position\":1,\"name\":\"Portada\",\"item\":\"https:\\\/\\\/lacasadelelefante.com\\\/en\\\/\"},{\"@type\":\"ListItem\",\"position\":2,\"name\":\"Booking conditions\"}]},{\"@type\":\"WebSite\",\"@id\":\"https:\\\/\\\/lacasadelelefante.com\\\/en\\\/#website\",\"url\":\"https:\\\/\\\/lacasadelelefante.com\\\/en\\\/\",\"name\":\"La Casa del Elefante\",\"description\":\"Centro de bienestar en Vejer de la Frontera, C\u00e1diz. Masajes, osteopat\u00eda y acupuntura en el casco antiguo. Reserva tu sesi\u00f3n ahora.\",\"publisher\":{\"@id\":\"https:\\\/\\\/lacasadelelefante.com\\\/en\\\/#organization\"},\"potentialAction\":[{\"@type\":\"SearchAction\",\"target\":{\"@type\":\"EntryPoint\",\"urlTemplate\":\"https:\\\/\\\/lacasadelelefante.com\\\/en\\\/?s={search_term_string}\"},\"query-input\":{\"@type\":\"PropertyValueSpecification\",\"valueRequired\":true,\"valueName\":\"search_term_string\"}}],\"inLanguage\":\"en-US\"},{\"@type\":\"Organization\",\"@id\":\"https:\\\/\\\/lacasadelelefante.com\\\/en\\\/#organization\",\"name\":\"La Casa del Elefante\",\"url\":\"https:\\\/\\\/lacasadelelefante.com\\\/en\\\/\",\"logo\":{\"@type\":\"ImageObject\",\"inLanguage\":\"en-US\",\"@id\":\"https:\\\/\\\/lacasadelelefante.com\\\/en\\\/#\\\/schema\\\/logo\\\/image\\\/\",\"url\":\"https:\\\/\\\/lacasadelelefante.com\\\/wp-content\\\/uploads\\\/2023\\\/11\\\/cropped-la-casa-del-elefante-vejer-logotipo.png\",\"contentUrl\":\"https:\\\/\\\/lacasadelelefante.com\\\/wp-content\\\/uploads\\\/2023\\\/11\\\/cropped-la-casa-del-elefante-vejer-logotipo.png\",\"width\":419,\"height\":331,\"caption\":\"La Casa del Elefante\"},\"image\":{\"@id\":\"https:\\\/\\\/lacasadelelefante.com\\\/en\\\/#\\\/schema\\\/logo\\\/image\\\/\"},\"sameAs\":[\"https:\\\/\\\/www.facebook.com\\\/LaCasadelElefante\\\/\",\"https:\\\/\\\/www.instagram.com\\\/lacasadelelefantevejer\\\/\"]}]}<\/script>\n<!-- \/ Yoast SEO plugin. -->","yoast_head_json":{"title":"Booking conditions - Masajes en Vejer de la Frontera | Centro de Bienestar La Casa del Elefante","robots":{"index":"index","follow":"follow","max-snippet":"max-snippet:-1","max-image-preview":"max-image-preview:large","max-video-preview":"max-video-preview:-1"},"canonical":"https:\/\/lacasadelelefante.com\/en\/booking-conditions\/","og_locale":"en_US","og_type":"article","og_title":"Booking conditions - Masajes en Vejer de la Frontera | Centro de Bienestar La Casa del Elefante","og_description":"BOOKING POLICY Reservations can be made directly by phone or by requesting availability by email or WhatsApp messages. Responses via instant messaging or email are usually quite fast (less than 2 hours) but we guarantee to respond within no more than 24 hours. Gift Vouchers are paid entirely in cash or by card at our [&hellip;]","og_url":"https:\/\/lacasadelelefante.com\/en\/booking-conditions\/","og_site_name":"Masajes en Vejer de la Frontera | Centro de Bienestar La Casa del Elefante","article_publisher":"https:\/\/www.facebook.com\/LaCasadelElefante\/","article_modified_time":"2025-01-15T14:22:11+00:00","og_image":[{"width":410,"height":32,"url":"https:\/\/lacasadelelefante.com\/wp-content\/uploads\/2023\/11\/2-Image-UDSRXYQ.png","type":"image\/png"}],"twitter_card":"summary_large_image","twitter_misc":{"Est. reading time":"1 minute"},"schema":{"@context":"https:\/\/schema.org","@graph":[{"@type":"WebPage","@id":"https:\/\/lacasadelelefante.com\/en\/booking-conditions\/","url":"https:\/\/lacasadelelefante.com\/en\/booking-conditions\/","name":"Booking conditions - Masajes en Vejer de la Frontera | Centro de Bienestar La Casa del Elefante","isPartOf":{"@id":"https:\/\/lacasadelelefante.com\/en\/#website"},"primaryImageOfPage":{"@id":"https:\/\/lacasadelelefante.com\/en\/booking-conditions\/#primaryimage"},"image":{"@id":"https:\/\/lacasadelelefante.com\/en\/booking-conditions\/#primaryimage"},"thumbnailUrl":"https:\/\/lacasadelelefante.com\/wp-content\/uploads\/2023\/11\/2-Image-UDSRXYQ.png","datePublished":"2024-01-09T13:25:38+00:00","dateModified":"2025-01-15T14:22:11+00:00","breadcrumb":{"@id":"https:\/\/lacasadelelefante.com\/en\/booking-conditions\/#breadcrumb"},"inLanguage":"en-US","potentialAction":[{"@type":"ReadAction","target":["https:\/\/lacasadelelefante.com\/en\/booking-conditions\/"]}]},{"@type":"ImageObject","inLanguage":"en-US","@id":"https:\/\/lacasadelelefante.com\/en\/booking-conditions\/#primaryimage","url":"https:\/\/lacasadelelefante.com\/wp-content\/uploads\/2023\/11\/2-Image-UDSRXYQ.png","contentUrl":"https:\/\/lacasadelelefante.com\/wp-content\/uploads\/2023\/11\/2-Image-UDSRXYQ.png"},{"@type":"BreadcrumbList","@id":"https:\/\/lacasadelelefante.com\/en\/booking-conditions\/#breadcrumb","itemListElement":[{"@type":"ListItem","position":1,"name":"Portada","item":"https:\/\/lacasadelelefante.com\/en\/"},{"@type":"ListItem","position":2,"name":"Booking conditions"}]},{"@type":"WebSite","@id":"https:\/\/lacasadelelefante.com\/en\/#website","url":"https:\/\/lacasadelelefante.com\/en\/","name":"La Casa del Elefante","description":"Centro de bienestar en Vejer de la Frontera, C\u00e1diz. Masajes, osteopat\u00eda y acupuntura en el casco antiguo. Reserva tu sesi\u00f3n ahora.","publisher":{"@id":"https:\/\/lacasadelelefante.com\/en\/#organization"},"potentialAction":[{"@type":"SearchAction","target":{"@type":"EntryPoint","urlTemplate":"https:\/\/lacasadelelefante.com\/en\/?s={search_term_string}"},"query-input":{"@type":"PropertyValueSpecification","valueRequired":true,"valueName":"search_term_string"}}],"inLanguage":"en-US"},{"@type":"Organization","@id":"https:\/\/lacasadelelefante.com\/en\/#organization","name":"La Casa del Elefante","url":"https:\/\/lacasadelelefante.com\/en\/","logo":{"@type":"ImageObject","inLanguage":"en-US","@id":"https:\/\/lacasadelelefante.com\/en\/#\/schema\/logo\/image\/","url":"https:\/\/lacasadelelefante.com\/wp-content\/uploads\/2023\/11\/cropped-la-casa-del-elefante-vejer-logotipo.png","contentUrl":"https:\/\/lacasadelelefante.com\/wp-content\/uploads\/2023\/11\/cropped-la-casa-del-elefante-vejer-logotipo.png","width":419,"height":331,"caption":"La Casa del Elefante"},"image":{"@id":"https:\/\/lacasadelelefante.com\/en\/#\/schema\/logo\/image\/"},"sameAs":["https:\/\/www.facebook.com\/LaCasadelElefante\/","https:\/\/www.instagram.com\/lacasadelelefantevejer\/"]}]}},"_links":{"self":[{"href":"https:\/\/lacasadelelefante.com\/en\/wp-json\/wp\/v2\/pages\/2067","targetHints":{"allow":["GET"]}}],"collection":[{"href":"https:\/\/lacasadelelefante.com\/en\/wp-json\/wp\/v2\/pages"}],"about":[{"href":"https:\/\/lacasadelelefante.com\/en\/wp-json\/wp\/v2\/types\/page"}],"author":[{"embeddable":true,"href":"https:\/\/lacasadelelefante.com\/en\/wp-json\/wp\/v2\/users\/1"}],"replies":[{"embeddable":true,"href":"https:\/\/lacasadelelefante.com\/en\/wp-json\/wp\/v2\/comments?post=2067"}],"version-history":[{"count":3,"href":"https:\/\/lacasadelelefante.com\/en\/wp-json\/wp\/v2\/pages\/2067\/revisions"}],"predecessor-version":[{"id":2187,"href":"https:\/\/lacasadelelefante.com\/en\/wp-json\/wp\/v2\/pages\/2067\/revisions\/2187"}],"wp:attachment":[{"href":"https:\/\/lacasadelelefante.com\/en\/wp-json\/wp\/v2\/media?parent=2067"}],"curies":[{"name":"wp","href":"https:\/\/api.w.org\/{rel}","templated":true}]}}