{"id":2065,"date":"2024-01-09T16:31:02","date_gmt":"2024-01-09T15:31:02","guid":{"rendered":"https:\/\/lacasadelelefante.com\/thank-you\/"},"modified":"2024-02-13T16:28:41","modified_gmt":"2024-02-13T15:28:41","slug":"thank-you","status":"publish","type":"page","link":"https:\/\/lacasadelelefante.com\/en\/thank-you\/","title":{"rendered":"Thank you"},"content":{"rendered":"\t\t<div data-elementor-type=\"wp-post\" data-elementor-id=\"2065\" class=\"elementor elementor-2065 elementor-1750\" data-elementor-post-type=\"page\">\n\t\t\t\t\t\t<section class=\"elementor-section elementor-top-section elementor-element elementor-element-261c7ec elementor-section-boxed elementor-section-height-default elementor-section-height-default\" data-id=\"261c7ec\" data-element_type=\"section\" data-e-type=\"section\" data-settings=\"{&quot;background_background&quot;:&quot;classic&quot;}\">\n\t\t\t\t\t\t\t<div class=\"elementor-background-overlay\"><\/div>\n\t\t\t\t\t\t\t<div class=\"elementor-container elementor-column-gap-default\">\n\t\t\t\t\t<div class=\"elementor-column elementor-col-100 elementor-top-column elementor-element elementor-element-2ecfc0c\" data-id=\"2ecfc0c\" data-element_type=\"column\" data-e-type=\"column\">\n\t\t\t<div class=\"elementor-widget-wrap elementor-element-populated\">\n\t\t\t\t\t\t<section class=\"elementor-section elementor-inner-section elementor-element elementor-element-bd8e1f6 elementor-section-boxed elementor-section-height-default elementor-section-height-default\" data-id=\"bd8e1f6\" data-element_type=\"section\" data-e-type=\"section\">\n\t\t\t\t\t\t<div class=\"elementor-container elementor-column-gap-default\">\n\t\t\t\t\t<div class=\"elementor-column elementor-col-100 elementor-inner-column elementor-element elementor-element-7081b7c\" data-id=\"7081b7c\" data-element_type=\"column\" data-e-type=\"column\">\n\t\t\t<div class=\"elementor-widget-wrap elementor-element-populated\">\n\t\t\t\t\t\t<div class=\"elementor-element elementor-element-e03a8aa elementor-widget__width-inherit elementor-invisible elementor-widget elementor-widget-heading\" data-id=\"e03a8aa\" data-element_type=\"widget\" data-e-type=\"widget\" data-settings=\"{&quot;_animation&quot;:&quot;fadeInDown&quot;}\" data-widget_type=\"heading.default\">\n\t\t\t\t<div class=\"elementor-widget-container\">\n\t\t\t\t\t<h1 class=\"elementor-heading-title elementor-size-default\">Thank you<\/h1>\t\t\t\t<\/div>\n\t\t\t\t<\/div>\n\t\t\t\t<div class=\"elementor-element elementor-element-b6d6a98 elementor-invisible elementor-widget elementor-widget-image\" data-id=\"b6d6a98\" data-element_type=\"widget\" data-e-type=\"widget\" data-settings=\"{&quot;_animation&quot;:&quot;fadeInDown&quot;}\" data-widget_type=\"image.default\">\n\t\t\t\t<div class=\"elementor-widget-container\">\n\t\t\t\t\t\t\t\t\t\t\t\t\t\t\t<img decoding=\"async\" width=\"410\" height=\"32\" src=\"https:\/\/lacasadelelefante.com\/wp-content\/uploads\/2023\/11\/2-Image-UDSRXYQ.png\" class=\"attachment-large size-large wp-image-2003\" alt=\"\" srcset=\"https:\/\/lacasadelelefante.com\/wp-content\/uploads\/2023\/11\/2-Image-UDSRXYQ.png 410w, https:\/\/lacasadelelefante.com\/wp-content\/uploads\/2023\/11\/2-Image-UDSRXYQ-300x23.png 300w\" sizes=\"(max-width: 410px) 100vw, 410px\" \/>\t\t\t\t\t\t\t\t\t\t\t\t\t\t\t<\/div>\n\t\t\t\t<\/div>\n\t\t\t\t\t<\/div>\n\t\t<\/div>\n\t\t\t\t\t<\/div>\n\t\t<\/section>\n\t\t\t\t\t<\/div>\n\t\t<\/div>\n\t\t\t\t\t<\/div>\n\t\t<\/section>\n\t\t\t\t<section class=\"elementor-section elementor-top-section elementor-element elementor-element-18daaa1 elementor-reverse-mobile elementor-section-boxed elementor-section-height-default elementor-section-height-default\" data-id=\"18daaa1\" data-element_type=\"section\" data-e-type=\"section\" data-settings=\"{&quot;background_background&quot;:&quot;classic&quot;}\">\n\t\t\t\t\t\t<div class=\"elementor-container elementor-column-gap-default\">\n\t\t\t\t\t<div class=\"elementor-column elementor-col-50 elementor-top-column elementor-element elementor-element-55d640d\" data-id=\"55d640d\" data-element_type=\"column\" data-e-type=\"column\">\n\t\t\t<div class=\"elementor-widget-wrap elementor-element-populated\">\n\t\t\t\t\t\t<section class=\"elementor-section elementor-inner-section elementor-element elementor-element-ad203dc elementor-section-boxed elementor-section-height-default elementor-section-height-default\" data-id=\"ad203dc\" data-element_type=\"section\" data-e-type=\"section\">\n\t\t\t\t\t\t<div class=\"elementor-container elementor-column-gap-default\">\n\t\t\t\t\t<div class=\"elementor-column elementor-col-100 elementor-inner-column elementor-element elementor-element-7903650\" data-id=\"7903650\" data-element_type=\"column\" data-e-type=\"column\">\n\t\t\t<div class=\"elementor-widget-wrap elementor-element-populated\">\n\t\t\t\t\t\t<div class=\"elementor-element elementor-element-9f7c8fe elementor-invisible elementor-widget elementor-widget-global elementor-global-2095 elementor-global-1711 elementor-widget-google_maps\" data-id=\"9f7c8fe\" data-element_type=\"widget\" data-e-type=\"widget\" data-settings=\"{&quot;_animation&quot;:&quot;fadeInDown&quot;}\" data-widget_type=\"google_maps.default\">\n\t\t\t\t<div class=\"elementor-widget-container\">\n\t\t\t\t\t\t\t<div class=\"elementor-custom-embed\">\n\t\t\t<iframe loading=\"lazy\"\n\t\t\t\t\tsrc=\"https:\/\/maps.google.com\/maps?q=La%20Casa%20del%20Elefante%2C%20Vejer&#038;t=m&#038;z=15&#038;output=embed&#038;iwloc=near\"\n\t\t\t\t\ttitle=\"La Casa del Elefante, Vejer\"\n\t\t\t\t\taria-label=\"La Casa del Elefante, Vejer\"\n\t\t\t><\/iframe>\n\t\t<\/div>\n\t\t\t\t\t\t<\/div>\n\t\t\t\t<\/div>\n\t\t\t\t<div class=\"elementor-element elementor-element-3045eb0 elementor-widget__width-inherit elementor-icon-list--layout-traditional elementor-list-item-link-full_width elementor-invisible elementor-widget elementor-widget-global elementor-global-2097 elementor-global-1705 elementor-widget-icon-list\" data-id=\"3045eb0\" data-element_type=\"widget\" data-e-type=\"widget\" data-settings=\"{&quot;_animation&quot;:&quot;fadeInDown&quot;}\" data-widget_type=\"icon-list.default\">\n\t\t\t\t<div class=\"elementor-widget-container\">\n\t\t\t\t\t\t\t<ul class=\"elementor-icon-list-items\">\n\t\t\t\t\t\t\t<li class=\"elementor-icon-list-item\">\n\t\t\t\t\t\t\t\t\t\t\t<a href=\"https:\/\/maps.app.goo.gl\/Ky5HhXXZR1n6qypN6\" target=\"_blank\">\n\n\t\t\t\t\t\t\t\t\t\t\t\t<span class=\"elementor-icon-list-icon\">\n\t\t\t\t\t\t\t<i aria-hidden=\"true\" class=\"fas fa-map-marker-alt\"><\/i>\t\t\t\t\t\t<\/span>\n\t\t\t\t\t\t\t\t\t\t<span class=\"elementor-icon-list-text\">C\/ Cruz 1, Vejer de la Frontera, C\u00e1diz<\/span>\n\t\t\t\t\t\t\t\t\t\t\t<\/a>\n\t\t\t\t\t\t\t\t\t<\/li>\n\t\t\t\t\t\t\t\t<li class=\"elementor-icon-list-item\">\n\t\t\t\t\t\t\t\t\t\t\t<a href=\"tel:+34676951182\" target=\"_blank\" rel=\"nofollow\">\n\n\t\t\t\t\t\t\t\t\t\t\t\t<span class=\"elementor-icon-list-icon\">\n\t\t\t\t\t\t\t<i aria-hidden=\"true\" class=\"fas fa-phone-alt\"><\/i>\t\t\t\t\t\t<\/span>\n\t\t\t\t\t\t\t\t\t\t<span class=\"elementor-icon-list-text\">+34 676 95 11 82<\/span>\n\t\t\t\t\t\t\t\t\t\t\t<\/a>\n\t\t\t\t\t\t\t\t\t<\/li>\n\t\t\t\t\t\t\t\t<li class=\"elementor-icon-list-item\">\n\t\t\t\t\t\t\t\t\t\t\t<a href=\"https:\/\/api.whatsapp.com\/send?phone=34676951182&#038;text=Hello,%20I%20am%20on%20the%20website%20and%20would%20like%20more%20information.\" target=\"_blank\" rel=\"nofollow\">\n\n\t\t\t\t\t\t\t\t\t\t\t\t<span class=\"elementor-icon-list-icon\">\n\t\t\t\t\t\t\t<i aria-hidden=\"true\" class=\"fab fa-whatsapp\"><\/i>\t\t\t\t\t\t<\/span>\n\t\t\t\t\t\t\t\t\t\t<span class=\"elementor-icon-list-text\">+34 676 95 11 82<\/span>\n\t\t\t\t\t\t\t\t\t\t\t<\/a>\n\t\t\t\t\t\t\t\t\t<\/li>\n\t\t\t\t\t\t\t\t<li class=\"elementor-icon-list-item\">\n\t\t\t\t\t\t\t\t\t\t\t<a href=\"mailto:info@lacasadelelefante.com\" target=\"_blank\" rel=\"nofollow\">\n\n\t\t\t\t\t\t\t\t\t\t\t\t<span class=\"elementor-icon-list-icon\">\n\t\t\t\t\t\t\t<i aria-hidden=\"true\" class=\"fas fa-envelope\"><\/i>\t\t\t\t\t\t<\/span>\n\t\t\t\t\t\t\t\t\t\t<span class=\"elementor-icon-list-text\">info@lacasadelelefante.com<\/span>\n\t\t\t\t\t\t\t\t\t\t\t<\/a>\n\t\t\t\t\t\t\t\t\t<\/li>\n\t\t\t\t\t\t\t\t<li class=\"elementor-icon-list-item\">\n\t\t\t\t\t\t\t\t\t\t\t<a href=\"https:\/\/maps.app.goo.gl\/U8d47f7gu8YuMNn28\" target=\"_blank\">\n\n\t\t\t\t\t\t\t\t\t\t\t\t<span class=\"elementor-icon-list-icon\">\n\t\t\t\t\t\t\t<i aria-hidden=\"true\" class=\"far fa-clock\"><\/i>\t\t\t\t\t\t<\/span>\n\t\t\t\t\t\t\t\t\t\t<span class=\"elementor-icon-list-text\">Check opening hours<\/span>\n\t\t\t\t\t\t\t\t\t\t\t<\/a>\n\t\t\t\t\t\t\t\t\t<\/li>\n\t\t\t\t\t\t\t\t<li class=\"elementor-icon-list-item\">\n\t\t\t\t\t\t\t\t\t\t\t<a href=\"https:\/\/lacasadelelefante.com\/en\/where-to-park\/\" target=\"_blank\">\n\n\t\t\t\t\t\t\t\t\t\t\t\t<span class=\"elementor-icon-list-icon\">\n\t\t\t\t\t\t\t<i aria-hidden=\"true\" class=\"fas fa-parking\"><\/i>\t\t\t\t\t\t<\/span>\n\t\t\t\t\t\t\t\t\t\t<span class=\"elementor-icon-list-text\">Where to park<\/span>\n\t\t\t\t\t\t\t\t\t\t\t<\/a>\n\t\t\t\t\t\t\t\t\t<\/li>\n\t\t\t\t\t\t<\/ul>\n\t\t\t\t\t\t<\/div>\n\t\t\t\t<\/div>\n\t\t\t\t<div class=\"elementor-element elementor-element-c072052 elementor-icon-list--layout-inline elementor-widget__width-inherit elementor-list-item-link-full_width elementor-invisible elementor-widget elementor-widget-global elementor-global-2093 elementor-global-1714 elementor-widget-icon-list\" data-id=\"c072052\" data-element_type=\"widget\" data-e-type=\"widget\" data-settings=\"{&quot;_animation&quot;:&quot;fadeInDown&quot;}\" data-widget_type=\"icon-list.default\">\n\t\t\t\t<div class=\"elementor-widget-container\">\n\t\t\t\t\t\t\t<ul class=\"elementor-icon-list-items elementor-inline-items\">\n\t\t\t\t\t\t\t<li class=\"elementor-icon-list-item elementor-inline-item\">\n\t\t\t\t\t\t\t\t\t\t\t<a href=\"https:\/\/www.facebook.com\/LaCasadelElefante\/\" target=\"_blank\" rel=\"nofollow\">\n\n\t\t\t\t\t\t\t\t\t\t\t\t<span class=\"elementor-icon-list-icon\">\n\t\t\t\t\t\t\t<i aria-hidden=\"true\" class=\"fab fa-facebook\"><\/i>\t\t\t\t\t\t<\/span>\n\t\t\t\t\t\t\t\t\t\t<span class=\"elementor-icon-list-text\">Follow us on Facebook<\/span>\n\t\t\t\t\t\t\t\t\t\t\t<\/a>\n\t\t\t\t\t\t\t\t\t<\/li>\n\t\t\t\t\t\t\t\t<li class=\"elementor-icon-list-item elementor-inline-item\">\n\t\t\t\t\t\t\t\t\t\t\t<a href=\"https:\/\/www.instagram.com\/lacasadelelefantevejer\/\" target=\"_blank\" rel=\"nofollow\">\n\n\t\t\t\t\t\t\t\t\t\t\t\t<span class=\"elementor-icon-list-icon\">\n\t\t\t\t\t\t\t<i aria-hidden=\"true\" class=\"fab fa-instagram\"><\/i>\t\t\t\t\t\t<\/span>\n\t\t\t\t\t\t\t\t\t\t<span class=\"elementor-icon-list-text\">Follow us on Instagram<\/span>\n\t\t\t\t\t\t\t\t\t\t\t<\/a>\n\t\t\t\t\t\t\t\t\t<\/li>\n\t\t\t\t\t\t<\/ul>\n\t\t\t\t\t\t<\/div>\n\t\t\t\t<\/div>\n\t\t\t\t\t<\/div>\n\t\t<\/div>\n\t\t\t\t\t<\/div>\n\t\t<\/section>\n\t\t\t\t\t<\/div>\n\t\t<\/div>\n\t\t\t\t<div class=\"elementor-column elementor-col-50 elementor-top-column elementor-element elementor-element-dd8ce48\" data-id=\"dd8ce48\" data-element_type=\"column\" data-e-type=\"column\" data-settings=\"{&quot;background_background&quot;:&quot;classic&quot;}\">\n\t\t\t<div class=\"elementor-widget-wrap elementor-element-populated\">\n\t\t\t\t\t\t<section class=\"elementor-section elementor-inner-section elementor-element elementor-element-7f09612 elementor-section-boxed elementor-section-height-default elementor-section-height-default\" data-id=\"7f09612\" data-element_type=\"section\" data-e-type=\"section\">\n\t\t\t\t\t\t<div class=\"elementor-container elementor-column-gap-default\">\n\t\t\t\t\t<div class=\"elementor-column elementor-col-100 elementor-inner-column elementor-element elementor-element-c7cce4c\" data-id=\"c7cce4c\" data-element_type=\"column\" data-e-type=\"column\">\n\t\t\t<div class=\"elementor-widget-wrap elementor-element-populated\">\n\t\t\t\t\t\t<div class=\"elementor-element elementor-element-bf90b00 elementor-invisible elementor-widget elementor-widget-heading\" data-id=\"bf90b00\" data-element_type=\"widget\" data-e-type=\"widget\" data-settings=\"{&quot;_animation&quot;:&quot;fadeInDown&quot;}\" data-widget_type=\"heading.default\">\n\t\t\t\t<div class=\"elementor-widget-container\">\n\t\t\t\t\t<h2 class=\"elementor-heading-title elementor-size-default\">Thank you very much<\/h2>\t\t\t\t<\/div>\n\t\t\t\t<\/div>\n\t\t\t\t<div class=\"elementor-element elementor-element-614cd63 elementor-invisible elementor-widget elementor-widget-text-editor\" data-id=\"614cd63\" data-element_type=\"widget\" data-e-type=\"widget\" data-settings=\"{&quot;_animation&quot;:&quot;fadeInDown&quot;}\" data-widget_type=\"text-editor.default\">\n\t\t\t\t<div class=\"elementor-widget-container\">\n\t\t\t\t\t\t\t\t\t<p>We would like to express our sincere gratitude for contacting us. Your enquiry is very important to us, and we are committed to providing you with the best possible service.<\/p>\n\t\t\t\t\t\t\t\t<\/div>\n\t\t\t\t<\/div>\n\t\t\t\t<div class=\"elementor-element elementor-element-284656f elementor-mobile-align-left elementor-widget-mobile__width-inherit elementor-invisible elementor-widget elementor-widget-button\" data-id=\"284656f\" data-element_type=\"widget\" data-e-type=\"widget\" data-settings=\"{&quot;_animation&quot;:&quot;fadeInDown&quot;}\" data-widget_type=\"button.default\">\n\t\t\t\t<div class=\"elementor-widget-container\">\n\t\t\t\t\t\t\t\t\t<div class=\"elementor-button-wrapper\">\n\t\t\t\t\t<a class=\"elementor-button elementor-button-link elementor-size-sm\" href=\"https:\/\/lacasadelelefante.com\/en\/\">\n\t\t\t\t\t\t<span class=\"elementor-button-content-wrapper\">\n\t\t\t\t\t\t\t\t\t<span class=\"elementor-button-text\">Go to Homepage<\/span>\n\t\t\t\t\t<\/span>\n\t\t\t\t\t<\/a>\n\t\t\t\t<\/div>\n\t\t\t\t\t\t\t\t<\/div>\n\t\t\t\t<\/div>\n\t\t\t\t\t<\/div>\n\t\t<\/div>\n\t\t\t\t\t<\/div>\n\t\t<\/section>\n\t\t\t\t\t<\/div>\n\t\t<\/div>\n\t\t\t\t\t<\/div>\n\t\t<\/section>\n\t\t\t\t<\/div>\n\t\t","protected":false},"excerpt":{"rendered":"<p>C\/ Cruz 1, Vejer de la Frontera, C\u00e1diz +34 676 95 11 82 +34 676 95 11 82 info@lacasadelelefante.com Consultar horarios D\u00f3nde aparcar S\u00edguenos en Facebook S\u00edguenos en Instagram Thank you very much We would like to express our sincere gratitude for contacting us. Your enquiry is very important to us, and we are committed [&hellip;]<\/p>\n","protected":false},"author":1,"featured_media":0,"parent":0,"menu_order":0,"comment_status":"closed","ping_status":"closed","template":"","meta":{"footnotes":""},"class_list":["post-2065","page","type-page","status-publish","hentry"],"yoast_head":"<!-- This site is optimized with the Yoast SEO plugin v27.5 - https:\/\/yoast.com\/product\/yoast-seo-wordpress\/ -->\n<title>Thank you - Masajes en Vejer de la Frontera | Centro de Bienestar La Casa del Elefante<\/title>\n<meta name=\"robots\" content=\"index, follow, max-snippet:-1, max-image-preview:large, max-video-preview:-1\" \/>\n<link rel=\"canonical\" href=\"https:\/\/lacasadelelefante.com\/en\/thank-you\/\" \/>\n<meta property=\"og:locale\" content=\"en_US\" \/>\n<meta property=\"og:type\" content=\"article\" \/>\n<meta property=\"og:title\" content=\"Thank you - Masajes en Vejer de la Frontera | Centro de Bienestar La Casa del Elefante\" \/>\n<meta property=\"og:description\" content=\"C\/ Cruz 1, Vejer de la Frontera, C\u00e1diz +34 676 95 11 82 +34 676 95 11 82 info@lacasadelelefante.com Consultar horarios D\u00f3nde aparcar S\u00edguenos en Facebook S\u00edguenos en Instagram Thank you very much We would like to express our sincere gratitude for contacting us. Your enquiry is very important to us, and we are committed [&hellip;]\" \/>\n<meta property=\"og:url\" content=\"https:\/\/lacasadelelefante.com\/en\/thank-you\/\" \/>\n<meta property=\"og:site_name\" content=\"Masajes en Vejer de la Frontera | Centro de Bienestar La Casa del Elefante\" \/>\n<meta property=\"article:publisher\" content=\"https:\/\/www.facebook.com\/LaCasadelElefante\/\" \/>\n<meta property=\"article:modified_time\" content=\"2024-02-13T15:28:41+00:00\" \/>\n<meta property=\"og:image\" content=\"https:\/\/lacasadelelefante.com\/wp-content\/uploads\/2023\/11\/2-Image-UDSRXYQ.png\" \/>\n<meta name=\"twitter:card\" content=\"summary_large_image\" \/>\n<script type=\"application\/ld+json\" class=\"yoast-schema-graph\">{\"@context\":\"https:\\\/\\\/schema.org\",\"@graph\":[{\"@type\":\"WebPage\",\"@id\":\"https:\\\/\\\/lacasadelelefante.com\\\/en\\\/thank-you\\\/\",\"url\":\"https:\\\/\\\/lacasadelelefante.com\\\/en\\\/thank-you\\\/\",\"name\":\"Thank you - Masajes en Vejer de la Frontera | Centro de Bienestar La Casa del Elefante\",\"isPartOf\":{\"@id\":\"https:\\\/\\\/lacasadelelefante.com\\\/en\\\/#website\"},\"primaryImageOfPage\":{\"@id\":\"https:\\\/\\\/lacasadelelefante.com\\\/en\\\/thank-you\\\/#primaryimage\"},\"image\":{\"@id\":\"https:\\\/\\\/lacasadelelefante.com\\\/en\\\/thank-you\\\/#primaryimage\"},\"thumbnailUrl\":\"https:\\\/\\\/lacasadelelefante.com\\\/wp-content\\\/uploads\\\/2023\\\/11\\\/2-Image-UDSRXYQ.png\",\"datePublished\":\"2024-01-09T15:31:02+00:00\",\"dateModified\":\"2024-02-13T15:28:41+00:00\",\"breadcrumb\":{\"@id\":\"https:\\\/\\\/lacasadelelefante.com\\\/en\\\/thank-you\\\/#breadcrumb\"},\"inLanguage\":\"en-US\",\"potentialAction\":[{\"@type\":\"ReadAction\",\"target\":[\"https:\\\/\\\/lacasadelelefante.com\\\/en\\\/thank-you\\\/\"]}]},{\"@type\":\"ImageObject\",\"inLanguage\":\"en-US\",\"@id\":\"https:\\\/\\\/lacasadelelefante.com\\\/en\\\/thank-you\\\/#primaryimage\",\"url\":\"https:\\\/\\\/lacasadelelefante.com\\\/wp-content\\\/uploads\\\/2023\\\/11\\\/2-Image-UDSRXYQ.png\",\"contentUrl\":\"https:\\\/\\\/lacasadelelefante.com\\\/wp-content\\\/uploads\\\/2023\\\/11\\\/2-Image-UDSRXYQ.png\"},{\"@type\":\"BreadcrumbList\",\"@id\":\"https:\\\/\\\/lacasadelelefante.com\\\/en\\\/thank-you\\\/#breadcrumb\",\"itemListElement\":[{\"@type\":\"ListItem\",\"position\":1,\"name\":\"Portada\",\"item\":\"https:\\\/\\\/lacasadelelefante.com\\\/en\\\/\"},{\"@type\":\"ListItem\",\"position\":2,\"name\":\"Thank you\"}]},{\"@type\":\"WebSite\",\"@id\":\"https:\\\/\\\/lacasadelelefante.com\\\/en\\\/#website\",\"url\":\"https:\\\/\\\/lacasadelelefante.com\\\/en\\\/\",\"name\":\"La Casa del Elefante\",\"description\":\"Centro de bienestar en Vejer de la Frontera, C\u00e1diz. Masajes, osteopat\u00eda y acupuntura en el casco antiguo. Reserva tu sesi\u00f3n ahora.\",\"publisher\":{\"@id\":\"https:\\\/\\\/lacasadelelefante.com\\\/en\\\/#organization\"},\"potentialAction\":[{\"@type\":\"SearchAction\",\"target\":{\"@type\":\"EntryPoint\",\"urlTemplate\":\"https:\\\/\\\/lacasadelelefante.com\\\/en\\\/?s={search_term_string}\"},\"query-input\":{\"@type\":\"PropertyValueSpecification\",\"valueRequired\":true,\"valueName\":\"search_term_string\"}}],\"inLanguage\":\"en-US\"},{\"@type\":\"Organization\",\"@id\":\"https:\\\/\\\/lacasadelelefante.com\\\/en\\\/#organization\",\"name\":\"La Casa del Elefante\",\"url\":\"https:\\\/\\\/lacasadelelefante.com\\\/en\\\/\",\"logo\":{\"@type\":\"ImageObject\",\"inLanguage\":\"en-US\",\"@id\":\"https:\\\/\\\/lacasadelelefante.com\\\/en\\\/#\\\/schema\\\/logo\\\/image\\\/\",\"url\":\"https:\\\/\\\/lacasadelelefante.com\\\/wp-content\\\/uploads\\\/2023\\\/11\\\/cropped-la-casa-del-elefante-vejer-logotipo.png\",\"contentUrl\":\"https:\\\/\\\/lacasadelelefante.com\\\/wp-content\\\/uploads\\\/2023\\\/11\\\/cropped-la-casa-del-elefante-vejer-logotipo.png\",\"width\":419,\"height\":331,\"caption\":\"La Casa del Elefante\"},\"image\":{\"@id\":\"https:\\\/\\\/lacasadelelefante.com\\\/en\\\/#\\\/schema\\\/logo\\\/image\\\/\"},\"sameAs\":[\"https:\\\/\\\/www.facebook.com\\\/LaCasadelElefante\\\/\",\"https:\\\/\\\/www.instagram.com\\\/lacasadelelefantevejer\\\/\"]}]}<\/script>\n<!-- \/ Yoast SEO plugin. -->","yoast_head_json":{"title":"Thank you - Masajes en Vejer de la Frontera | Centro de Bienestar La Casa del Elefante","robots":{"index":"index","follow":"follow","max-snippet":"max-snippet:-1","max-image-preview":"max-image-preview:large","max-video-preview":"max-video-preview:-1"},"canonical":"https:\/\/lacasadelelefante.com\/en\/thank-you\/","og_locale":"en_US","og_type":"article","og_title":"Thank you - Masajes en Vejer de la Frontera | Centro de Bienestar La Casa del Elefante","og_description":"C\/ Cruz 1, Vejer de la Frontera, C\u00e1diz +34 676 95 11 82 +34 676 95 11 82 info@lacasadelelefante.com Consultar horarios D\u00f3nde aparcar S\u00edguenos en Facebook S\u00edguenos en Instagram Thank you very much We would like to express our sincere gratitude for contacting us. Your enquiry is very important to us, and we are committed [&hellip;]","og_url":"https:\/\/lacasadelelefante.com\/en\/thank-you\/","og_site_name":"Masajes en Vejer de la Frontera | Centro de Bienestar La Casa del Elefante","article_publisher":"https:\/\/www.facebook.com\/LaCasadelElefante\/","article_modified_time":"2024-02-13T15:28:41+00:00","og_image":[{"url":"https:\/\/lacasadelelefante.com\/wp-content\/uploads\/2023\/11\/2-Image-UDSRXYQ.png","type":"","width":"","height":""}],"twitter_card":"summary_large_image","schema":{"@context":"https:\/\/schema.org","@graph":[{"@type":"WebPage","@id":"https:\/\/lacasadelelefante.com\/en\/thank-you\/","url":"https:\/\/lacasadelelefante.com\/en\/thank-you\/","name":"Thank you - Masajes en Vejer de la Frontera | Centro de Bienestar La Casa del Elefante","isPartOf":{"@id":"https:\/\/lacasadelelefante.com\/en\/#website"},"primaryImageOfPage":{"@id":"https:\/\/lacasadelelefante.com\/en\/thank-you\/#primaryimage"},"image":{"@id":"https:\/\/lacasadelelefante.com\/en\/thank-you\/#primaryimage"},"thumbnailUrl":"https:\/\/lacasadelelefante.com\/wp-content\/uploads\/2023\/11\/2-Image-UDSRXYQ.png","datePublished":"2024-01-09T15:31:02+00:00","dateModified":"2024-02-13T15:28:41+00:00","breadcrumb":{"@id":"https:\/\/lacasadelelefante.com\/en\/thank-you\/#breadcrumb"},"inLanguage":"en-US","potentialAction":[{"@type":"ReadAction","target":["https:\/\/lacasadelelefante.com\/en\/thank-you\/"]}]},{"@type":"ImageObject","inLanguage":"en-US","@id":"https:\/\/lacasadelelefante.com\/en\/thank-you\/#primaryimage","url":"https:\/\/lacasadelelefante.com\/wp-content\/uploads\/2023\/11\/2-Image-UDSRXYQ.png","contentUrl":"https:\/\/lacasadelelefante.com\/wp-content\/uploads\/2023\/11\/2-Image-UDSRXYQ.png"},{"@type":"BreadcrumbList","@id":"https:\/\/lacasadelelefante.com\/en\/thank-you\/#breadcrumb","itemListElement":[{"@type":"ListItem","position":1,"name":"Portada","item":"https:\/\/lacasadelelefante.com\/en\/"},{"@type":"ListItem","position":2,"name":"Thank you"}]},{"@type":"WebSite","@id":"https:\/\/lacasadelelefante.com\/en\/#website","url":"https:\/\/lacasadelelefante.com\/en\/","name":"La Casa del Elefante","description":"Centro de bienestar en Vejer de la Frontera, C\u00e1diz. Masajes, osteopat\u00eda y acupuntura en el casco antiguo. Reserva tu sesi\u00f3n ahora.","publisher":{"@id":"https:\/\/lacasadelelefante.com\/en\/#organization"},"potentialAction":[{"@type":"SearchAction","target":{"@type":"EntryPoint","urlTemplate":"https:\/\/lacasadelelefante.com\/en\/?s={search_term_string}"},"query-input":{"@type":"PropertyValueSpecification","valueRequired":true,"valueName":"search_term_string"}}],"inLanguage":"en-US"},{"@type":"Organization","@id":"https:\/\/lacasadelelefante.com\/en\/#organization","name":"La Casa del Elefante","url":"https:\/\/lacasadelelefante.com\/en\/","logo":{"@type":"ImageObject","inLanguage":"en-US","@id":"https:\/\/lacasadelelefante.com\/en\/#\/schema\/logo\/image\/","url":"https:\/\/lacasadelelefante.com\/wp-content\/uploads\/2023\/11\/cropped-la-casa-del-elefante-vejer-logotipo.png","contentUrl":"https:\/\/lacasadelelefante.com\/wp-content\/uploads\/2023\/11\/cropped-la-casa-del-elefante-vejer-logotipo.png","width":419,"height":331,"caption":"La Casa del Elefante"},"image":{"@id":"https:\/\/lacasadelelefante.com\/en\/#\/schema\/logo\/image\/"},"sameAs":["https:\/\/www.facebook.com\/LaCasadelElefante\/","https:\/\/www.instagram.com\/lacasadelelefantevejer\/"]}]}},"_links":{"self":[{"href":"https:\/\/lacasadelelefante.com\/en\/wp-json\/wp\/v2\/pages\/2065","targetHints":{"allow":["GET"]}}],"collection":[{"href":"https:\/\/lacasadelelefante.com\/en\/wp-json\/wp\/v2\/pages"}],"about":[{"href":"https:\/\/lacasadelelefante.com\/en\/wp-json\/wp\/v2\/types\/page"}],"author":[{"embeddable":true,"href":"https:\/\/lacasadelelefante.com\/en\/wp-json\/wp\/v2\/users\/1"}],"replies":[{"embeddable":true,"href":"https:\/\/lacasadelelefante.com\/en\/wp-json\/wp\/v2\/comments?post=2065"}],"version-history":[{"count":1,"href":"https:\/\/lacasadelelefante.com\/en\/wp-json\/wp\/v2\/pages\/2065\/revisions"}],"predecessor-version":[{"id":2066,"href":"https:\/\/lacasadelelefante.com\/en\/wp-json\/wp\/v2\/pages\/2065\/revisions\/2066"}],"wp:attachment":[{"href":"https:\/\/lacasadelelefante.com\/en\/wp-json\/wp\/v2\/media?parent=2065"}],"curies":[{"name":"wp","href":"https:\/\/api.w.org\/{rel}","templated":true}]}}